{"id":31,"date":"2019-06-12T12:41:40","date_gmt":"2019-06-12T10:41:40","guid":{"rendered":"https:\/\/energiemusik.de\/?page_id=31"},"modified":"2023-09-21T14:01:56","modified_gmt":"2023-09-21T12:01:56","slug":"datenschutz","status":"publish","type":"page","link":"https:\/\/energiemusik.de\/index.php\/kontakt\/datenschutz\/","title":{"rendered":"Datenschutz"},"content":{"rendered":"<h2><span style=\"color: #808080;\">Datenschutzerkl\u00e4rung<\/span><\/h2>\n<p><span style=\"color: #808080;\">Verantwortlicher im Sinne der Datenschutzgesetze, insbesondere der EU-Datenschutzgrundverordnung (DSGVO), ist:<\/span><\/p>\n<p><span style=\"color: #808080;\">Dagmar Hartl <\/span><br \/>\n<span style=\"color: #808080;\">Moosgartenweg 6 <\/span><br \/>\n<span style=\"color: #808080;\">86980 Ingenried<\/span><\/p>\n<h2><span style=\"color: #808080;\">Ihre Betroffenenrechte<\/span><\/h2>\n<p><span style=\"color: #808080;\">Unter den angegebenen Kontaktdaten unseres Datenschutzbeauftragten k\u00f6nnen Sie jederzeit folgende Rechte aus\u00fcben:<\/span><\/p>\n<ul>\n<li><span style=\"color: #808080;\">Auskunft \u00fcber Ihre bei uns gespeicherten Daten und deren Verarbeitung (Art. 15 DSGVO),<\/span><\/li>\n<li><span style=\"color: #808080;\">Berichtigung unrichtiger personenbezogener Daten (Art. 16 DSGVO),<\/span><\/li>\n<li><span style=\"color: #808080;\">L\u00f6schung Ihrer bei uns gespeicherten Daten (Art. 17 DSGVO),<\/span><\/li>\n<li><span style=\"color: #808080;\">Einschr\u00e4nkung der Datenverarbeitung, sofern wir Ihre Daten aufgrund gesetzlicher Pflichten noch nicht l\u00f6schen d\u00fcrfen (Art. 18 DSGVO),<\/span><\/li>\n<li><span style=\"color: #808080;\">Widerspruch gegen die Verarbeitung Ihrer Daten bei uns (Art. 21 DSGVO) und<\/span><\/li>\n<li><span style=\"color: #808080;\">Daten\u00fcbertragbarkeit, sofern Sie in die Datenverarbeitung eingewilligt haben oder einen Vertrag mit uns abgeschlossen haben (Art. 20 DSGVO).<\/span><\/li>\n<\/ul>\n<p><span style=\"color: #808080;\">Sofern Sie uns eine Einwilligung erteilt haben, k\u00f6nnen Sie diese jederzeit mit Wirkung f\u00fcr die Zukunft widerrufen.<\/span><\/p>\n<p><span style=\"color: #808080;\">Sie k\u00f6nnen sich jederzeit mit einer Beschwerde an eine Aufsichtsbeh\u00f6rde wenden, z. B. an die zust\u00e4ndige Aufsichtsbeh\u00f6rde des Bundeslands Ihres Wohnsitzes oder an die f\u00fcr uns als verantwortliche Stelle zust\u00e4ndige Beh\u00f6rde.<\/span><\/p>\n<p><span style=\"color: #808080;\">Eine Liste der Aufsichtsbeh\u00f6rden (f\u00fcr den nicht\u00f6ffentlichen Bereich) mit Anschrift finden Sie unter: <a style=\"color: #808080;\" href=\"https:\/\/www.bfdi.bund.de\/DE\/Infothek\/Anschriften_Links\/anschriften_links-node.html\" target=\"_blank\" rel=\"nofollow noopener noreferrer\">https:\/\/www.bfdi.bund.de\/DE\/Infothek\/Anschriften_Links\/anschriften_links-node.html<\/a>.<\/span><\/p>\n<h2><span style=\"color: #808080;\">Registrierung auf unserer Website<\/span><\/h2>\n<h3><span style=\"color: #808080;\">Art und Zweck der Verarbeitung:<\/span><\/h3>\n<p><span style=\"color: #808080;\">Bei der Registrierung f\u00fcr die Nutzung unserer personalisierten Leistungen werden einige personenbezogene Daten erhoben, wie Name, Anschrift, Kontakt- und Kommunikationsdaten (z. B. Telefonnummer und E-Mail-Adresse). Sind Sie bei uns registriert, k\u00f6nnen Sie auf Inhalte und Leistungen zugreifen, die wir nur registrierten Nutzern anbieten. Angemeldete Nutzer haben zudem die M\u00f6glichkeit, bei Bedarf die bei Registrierung angegebenen Daten jederzeit zu \u00e4ndern oder zu l\u00f6schen. Selbstverst\u00e4ndlich erteilen wir Ihnen dar\u00fcber hinaus jederzeit Auskunft \u00fcber die von uns \u00fcber Sie gespeicherten personenbezogenen Daten.<\/span><\/p>\n<h3><span style=\"color: #808080;\">Rechtsgrundlage:<\/span><\/h3>\n<p><span style=\"color: #808080;\">Die Verarbeitung der bei der Registrierung eingegebenen Daten erfolgt auf Grundlage einer Einwilligung des Nutzers (Art. 6 Abs. 1 lit. a DSGVO).<\/span><\/p>\n<p><span style=\"color: #808080;\">Dient die Registrierung der Erf\u00fcllung eines Vertrages, dessen Vertragspartei die betroffene Person ist oder der Durchf\u00fchrung vorvertraglicher Ma\u00dfnahmen, so ist zus\u00e4tzliche Rechtsgrundlage f\u00fcr die Verarbeitung der Daten Art. 6 Abs. 1 lit. b DSGVO.<\/span><\/p>\n<h3><span style=\"color: #808080;\">Empf\u00e4nger:<\/span><\/h3>\n<p><span style=\"color: #808080;\">Empf\u00e4nger der Daten sind ggf. technische Dienstleister, die f\u00fcr den Betrieb und die Wartung unserer Website als Auftragsverarbeiter t\u00e4tig werden.<\/span><\/p>\n<h3><span style=\"color: #808080;\">Speicherdauer:<\/span><\/h3>\n<p><span style=\"color: #808080;\">Daten werden in diesem Zusammenhang nur verarbeitet, solange die entsprechende Einwilligung vorliegt. Danach werden sie gel\u00f6scht, soweit keine gesetzlichen Aufbewahrungspflichten entgegenstehen. Zur Kontaktaufnahme in diesem Zusammenhang nutzen Sie bitte die am Ende dieser Datenschutzerkl\u00e4rung angegebenen Kontaktdaten.<\/span><\/p>\n<h3><span style=\"color: #808080;\">Bereitstellung vorgeschrieben oder erforderlich:<\/span><\/h3>\n<p><span style=\"color: #808080;\">Die Bereitstellung Ihrer personenbezogenen Daten erfolgt freiwillig, allein auf Basis Ihrer Einwilligung. Ohne die Bereitstellung Ihrer personenbezogenen Daten k\u00f6nnen wir Ihnen keinen Zugang auf unsere angebotenen Inhalte und Leistungen gew\u00e4hren.<\/span><\/p>\n<h2><span style=\"color: #808080;\">Kommentarfunktion<\/span><\/h2>\n<h3><span style=\"color: #808080;\">Art und Zweck der Verarbeitung:<\/span><\/h3>\n<p><span style=\"color: #808080;\">Wenn Nutzer Kommentare auf unserer Website hinterlassen, werden neben diesen Angaben auch der Zeitpunkt ihrer Erstellung und der zuvor durch den Websitebesucher gew\u00e4hlte Nutzername gespeichert. Dies dient unserer Sicherheit, da wir f\u00fcr widerrechtliche Inhalte auf unserer Webseite belangt werden k\u00f6nnen, auch wenn diese durch Benutzer erstellt wurden.<\/span><\/p>\n<h3><span style=\"color: #808080;\">Rechtsgrundlage:<\/span><\/h3>\n<p><span style=\"color: #808080;\">Die Verarbeitung der als Kommentar eingegebenen Daten erfolgt auf der Grundlage eines berechtigten Interesses (Art. 6 Abs. 1 lit. f DSGVO).<\/span><\/p>\n<p><span style=\"color: #808080;\">Durch Bereitstellung der Kommentarfunktion m\u00f6chten wir Ihnen eine unkomplizierte Interaktion erm\u00f6glichen. Ihre gemachten Angaben werden zum Zwecke der Bearbeitung der Anfrage sowie f\u00fcr m\u00f6gliche Anschlussfragen gespeichert.<\/span><\/p>\n<h3><span style=\"color: #808080;\">Empf\u00e4nger:<\/span><\/h3>\n<p><span style=\"color: #808080;\">Empf\u00e4nger der Daten sind ggf. Auftragsverarbeiter.<\/span><\/p>\n<h3><span style=\"color: #808080;\">Speicherdauer:<\/span><\/h3>\n<p><span style=\"color: #808080;\">Die Daten werden gel\u00f6scht, sobald diese f\u00fcr den Zweck der Erhebung nicht mehr erforderlich sind. Dies ist grunds\u00e4tzlich der Fall, wenn die Kommunikation mit dem Nutzer abgeschlossen ist und das Unternehmen den Umst\u00e4nden entnehmen kann, dass der betroffene Sachverhalt abschlie\u00dfend gekl\u00e4rt ist.<\/span><\/p>\n<h3><span style=\"color: #808080;\">Bereitstellung vorgeschrieben oder erforderlich:<\/span><\/h3>\n<p><span style=\"color: #808080;\">Die Bereitstellung Ihrer personenbezogenen Daten erfolgt freiwillig. Ohne die Bereitstellung Ihrer personenbezogenen Daten k\u00f6nnen wir Ihnen keinen Zugang zu unserer Kommentarfunktion gew\u00e4hren.<\/span><\/p>\n<h2><span style=\"color: #808080;\">Newsletter <strong>(z.Zt. nicht vorgesehen)<\/strong><\/span><\/h2>\n<h3><span style=\"color: #808080;\">Art und Zweck der Verarbeitung:<\/span><\/h3>\n<p><span style=\"color: #808080;\">Ihre Daten werden ausschlie\u00dflich dazu verwendet, Ihnen den abonnierten Newsletter per E-Mail zuzustellen. Die Angabe Ihres Namens erfolgt, um Sie im Newsletter pers\u00f6nlich ansprechen zu k\u00f6nnen und ggf. zu identifizieren, falls Sie von Ihren Rechten als Betroffener Gebrauch machen wollen.<\/span><\/p>\n<p><span style=\"color: #808080;\">F\u00fcr den Empfang des Newsletters ist die Angabe Ihrer E-Mail-Adresse ausreichend. Bei der Anmeldung zum Bezug unseres Newsletters werden die von Ihnen angegebenen Daten ausschlie\u00dflich f\u00fcr diesen Zweck verwendet. Abonnenten k\u00f6nnen auch \u00fcber Umst\u00e4nde per E-Mail informiert werden, die f\u00fcr den Dienst oder die Registrierung relevant sind (bspw. \u00c4nderungen des Newsletterangebots oder technische Gegebenheiten).<\/span><\/p>\n<p><span style=\"color: #808080;\">F\u00fcr eine wirksame Registrierung ben\u00f6tigen wir eine valide E-Mail-Adresse. Um zu \u00fcberpr\u00fcfen, dass eine Anmeldung tats\u00e4chlich durch den Inhaber einer E-Mail-Adresse erfolgt, setzen wir das \u201eDouble-opt-in\u201c-Verfahren ein. Hierzu protokollieren wir die Bestellung des Newsletters, den Versand einer Best\u00e4tigungsmail und den Eingang der hiermit angeforderten Antwort. Weitere Daten werden nicht erhoben. Die Daten werden ausschlie\u00dflich f\u00fcr den Newsletterversand verwendet und nicht an Dritte weitergegeben.<\/span><\/p>\n<h3><span style=\"color: #808080;\">Rechtsgrundlage:<\/span><\/h3>\n<p><span style=\"color: #808080;\">Auf Grundlage Ihrer ausdr\u00fccklich erteilten Einwilligung (Art. 6 Abs. 1 lit. a DSGVO), \u00fcbersenden wir Ihnen regelm\u00e4\u00dfig unseren Newsletter bzw. vergleichbare Informationen per E-Mail an Ihre angegebene E-Mail-Adresse.<\/span><\/p>\n<p><span style=\"color: #808080;\">Die Einwilligung zur Speicherung Ihrer pers\u00f6nlichen Daten und ihrer Nutzung f\u00fcr den Newsletterversand k\u00f6nnen Sie jederzeit mit Wirkung f\u00fcr die Zukunft widerrufen. In jedem Newsletter findet sich dazu ein entsprechender Link. Au\u00dferdem k\u00f6nnen Sie sich jederzeit auch direkt auf dieser Website abmelden oder uns Ihren Widerruf \u00fcber die am Ende dieser Datenschutzhinweise angegebene Kontaktm\u00f6glichkeit mitteilen.<\/span><\/p>\n<h3><span style=\"color: #808080;\">Empf\u00e4nger:<\/span><\/h3>\n<p><span style=\"color: #808080;\">Empf\u00e4nger der Daten sind ggf. Auftragsverarbeiter.<\/span><\/p>\n<h3><span style=\"color: #808080;\">Speicherdauer:<\/span><\/h3>\n<p><span style=\"color: #808080;\">Die Daten werden in diesem Zusammenhang nur verarbeitet, solange die entsprechende Einwilligung vorliegt. Danach werden sie gel\u00f6scht.<\/span><\/p>\n<h3><span style=\"color: #808080;\">Bereitstellung vorgeschrieben oder erforderlich:<\/span><\/h3>\n<p><span style=\"color: #808080;\">Die Bereitstellung Ihrer personenbezogenen Daten erfolgt freiwillig, allein auf Basis Ihrer Einwilligung. Ohne bestehende Einwilligung k\u00f6nnen wir Ihnen unseren Newsletter leider nicht zusenden.<\/span><\/p>\n<h2><span style=\"color: #808080;\">Kontaktformular<\/span><\/h2>\n<h3><span style=\"color: #808080;\">Art und Zweck der Verarbeitung:<\/span><\/h3>\n<p><span style=\"color: #808080;\">Die von Ihnen eingegebenen Daten werden zum Zweck der individuellen Kommunikation mit Ihnen gespeichert. Hierf\u00fcr ist die Angabe einer validen E-Mail-Adresse sowie Ihres Namens erforderlich. Diese dient der Zuordnung der Anfrage und der anschlie\u00dfenden Beantwortung derselben. Die Angabe weiterer Daten ist optional.<\/span><\/p>\n<h3><span style=\"color: #808080;\">Rechtsgrundlage:<\/span><\/h3>\n<p><span style=\"color: #808080;\">Die Verarbeitung der in das Kontaktformular eingegebenen Daten erfolgt auf der Grundlage eines berechtigten Interesses (Art. 6 Abs. 1 lit. f DSGVO).<\/span><\/p>\n<p><span style=\"color: #808080;\">Durch Bereitstellung des Kontaktformulars m\u00f6chten wir Ihnen eine unkomplizierte Kontaktaufnahme erm\u00f6glichen. Ihre gemachten Angaben werden zum Zwecke der Bearbeitung der Anfrage sowie f\u00fcr m\u00f6gliche Anschlussfragen gespeichert.<\/span><\/p>\n<p><span style=\"color: #808080;\">Sofern Sie mit uns Kontakt aufnehmen, um ein Angebot zu erfragen, erfolgt die Verarbeitung der in das Kontaktformular eingegebenen Daten zur Durchf\u00fchrung vorvertraglicher Ma\u00dfnahmen (Art. 6 Abs. 1 lit. b DSGVO).<\/span><\/p>\n<h3><span style=\"color: #808080;\">Empf\u00e4nger:<\/span><\/h3>\n<p><span style=\"color: #808080;\">Empf\u00e4nger der Daten sind ggf. Auftragsverarbeiter.<\/span><\/p>\n<h3><span style=\"color: #808080;\">Speicherdauer:<\/span><\/h3>\n<p><span style=\"color: #808080;\">Daten werden sp\u00e4testens 6 Monate nach Bearbeitung der Anfrage gel\u00f6scht.<\/span><\/p>\n<p><span style=\"color: #808080;\">Sofern es zu einem Vertragsverh\u00e4ltnis kommt, unterliegen wir den gesetzlichen Aufbewahrungsfristen nach HGB und l\u00f6schen Ihre Daten nach Ablauf dieser Fristen.<\/span><\/p>\n<h3><span style=\"color: #808080;\">Bereitstellung vorgeschrieben oder erforderlich:<\/span><\/h3>\n<p><span style=\"color: #808080;\">Die Bereitstellung Ihrer personenbezogenen Daten erfolgt freiwillig. Wir k\u00f6nnen Ihre Anfrage jedoch nur bearbeiten, sofern Sie uns Ihren Namen, Ihre E-Mail-Adresse und den Grund der Anfrage mitteilen.<\/span><\/p>\n<h2><span style=\"color: #808080;\">Eingebettete YouTube-Videos<\/span><\/h2>\n<h3><span style=\"color: #808080;\">Art und Zweck der Verarbeitung:<\/span><\/h3>\n<p><span style=\"color: #808080;\">Auf einigen unserer Webseiten betten wir YouTube-Videos ein. Betreiber der entsprechenden Plugins ist die YouTube, LLC, 901 Cherry Ave., San Bruno, CA 94066, USA (nachfolgend \u201eYouTube\u201c). Wenn Sie eine Seite mit dem YouTube-Plugin besuchen, wird eine Verbindung zu Servern von YouTube hergestellt. Dabei wird YouTube mitgeteilt, welche Seiten Sie besuchen. Wenn Sie in Ihrem YouTube-Account eingeloggt sind, kann YouTube Ihr Surfverhalten Ihnen pers\u00f6nlich zuzuordnen. Dies verhindern Sie, indem Sie sich vorher aus Ihrem YouTube-Account ausloggen.<\/span><\/p>\n<p><span style=\"color: #808080;\">Wird ein YouTube-Video gestartet, setzt der Anbieter Cookies ein, die Hinweise \u00fcber das Nutzerverhalten sammeln.<\/span><\/p>\n<p><span style=\"color: #808080;\">Weitere Informationen zu Zweck und Umfang der Datenerhebung und ihrer Verarbeitung durch YouTube erhalten Sie in den Datenschutzerkl\u00e4rungen des Anbieters, Dort erhalten Sie auch weitere Informationen zu Ihren diesbez\u00fcglichen Rechten und Einstellungsm\u00f6glichkeiten zum Schutze Ihrer Privatsph\u00e4re (<a style=\"color: #808080;\" href=\"https:\/\/policies.google.com\/privacy\">https:\/\/policies.google.com\/privacy<\/a>). Google verarbeitet Ihre Daten in den USA und hat sich dem EU-US Privacy Shield unterworfen https:\/\/www.privacyshield.gov\/EU-US-Framework<\/span><\/p>\n<h3><span style=\"color: #808080;\">Rechtsgrundlage:<\/span><\/h3>\n<p><span style=\"color: #808080;\">Rechtsgrundlage f\u00fcr die Einbindung von YouTube und dem damit verbundenen Datentransfer zu Google ist Ihre Einwilligung (Art. 6 Abs. 1 lit. a DSGVO).<\/span><\/p>\n<h3><span style=\"color: #808080;\">Empf\u00e4nger:<\/span><\/h3>\n<p><span style=\"color: #808080;\">Der Aufruf von YouTube l\u00f6st automatisch eine Verbindung zu Google aus.<\/span><\/p>\n<h3><span style=\"color: #808080;\">Speicherdauer und Widerruf der Einwilligung:<\/span><\/h3>\n<p><span style=\"color: #808080;\">Wer das Speichern von Cookies f\u00fcr das Google-Ad-Programm deaktiviert hat, wird auch beim Anschauen von YouTube-Videos mit keinen solchen Cookies rechnen m\u00fcssen. YouTube legt aber auch in anderen Cookies nicht-personenbezogene Nutzungsinformationen ab. M\u00f6chten Sie dies verhindern, so m\u00fcssen Sie das Speichern von Cookies im Browser blockieren.<\/span><\/p>\n<p><span style=\"color: #808080;\">Weitere Informationen zum Datenschutz bei \u201eYouTube\u201c finden Sie in der Datenschutzerkl\u00e4rung des Anbieters unter: <a style=\"color: #808080;\" href=\"https:\/\/www.google.de\/intl\/de\/policies\/privacy\/\">https:\/\/www.google.de\/intl\/de\/policies\/privacy\/ <\/a><\/span><\/p>\n<h3><span style=\"color: #808080;\">Drittlandtransfer:<\/span><\/h3>\n<p><span style=\"color: #808080;\">Google verarbeitet Ihre Daten in den USA und hat sich dem EU_US Privacy Shield unterworfen <a style=\"color: #808080;\" href=\"https:\/\/www.privacyshield.gov\/EU-US-Framework\">https:\/\/www.privacyshield.gov\/EU-US-Framework<\/a>.<\/span><\/p>\n<h3><span style=\"color: #808080;\">Bereitstellung vorgeschrieben oder erforderlich:<\/span><\/h3>\n<p><span style=\"color: #808080;\">Die Bereitstellung Ihrer personenbezogenen Daten erfolgt freiwillig, allein auf Basis Ihrer Einwilligung. Sofern Sie den Zugriff unterbinden, kann es hierdurch zu Funktionseinschr\u00e4nkungen auf der Website kommen.<\/span><\/p>\n<h2><span style=\"color: #808080;\">SSL-Verschl\u00fcsselung<\/span><\/h2>\n<p><span style=\"color: #808080;\">Um die Sicherheit Ihrer Daten bei der \u00dcbertragung zu sch\u00fctzen, verwenden wir dem aktuellen Stand der Technik entsprechende Verschl\u00fcsselungsverfahren (z. B. SSL) \u00fcber HTTPS.<\/span><\/p>\n<h2><span style=\"color: #808080;\">\u00c4nderung unserer Datenschutzbestimmungen<\/span><\/h2>\n<p><span style=\"color: #808080;\">Wir behalten uns vor, diese Datenschutzerkl\u00e4rung anzupassen, damit sie stets den aktuellen rechtlichen Anforderungen entspricht oder um \u00c4nderungen unserer Leistungen in der Datenschutzerkl\u00e4rung umzusetzen, z.B. bei der Einf\u00fchrung neuer Services. F\u00fcr Ihren erneuten Besuch gilt dann die neue Datenschutzerkl\u00e4rung.<\/span><\/p>\n<h2><span style=\"color: #808080;\">Fragen an den Datenschutzbeauftragten<\/span><\/h2>\n<p><span style=\"color: #808080;\">Wenn Sie Fragen zum Datenschutz haben, schreiben Sie uns bitte eine E-Mail oder wenden Sie sich direkt an die f\u00fcr den Datenschutz verantwortliche Person in unserer Organisation:<\/span><\/p>\n<p><span style=\"color: #808080;\">Dagmar Hartl <\/span><br \/>\n<span style=\"color: #808080;\">Moosgartenweg 6 <\/span><br \/>\n<span style=\"color: #808080;\">86980 Ingenried<\/span><\/p>\n<p><span style=\"color: #808080;\"><em>Die Datenschutzerkl\u00e4rung wurde mithilfe der activeMind AG erstellt, den Experten f\u00fcr <a style=\"color: #808080;\" href=\"https:\/\/www.activemind.de\/datenschutz\/datenschutzhinweis-generator\/\" target=\"_blank\" rel=\"noopener noreferrer\">externe Datenschutzbeauftragte<\/a> (Version #2019-04-10).<\/em><\/span><\/p>\n","protected":false},"excerpt":{"rendered":"<p>Datenschutzerkl\u00e4rung Verantwortlicher im Sinne der Datenschutzgesetze, insbesondere der EU-Datenschutzgrundverordnung (DSGVO), ist: Dagmar Hartl Moosgartenweg 6 86980 Ingenried Ihre Betroffenenrechte Unter den angegebenen Kontaktdaten unseres Datenschutzbeauftragten k\u00f6nnen Sie jederzeit folgende Rechte aus\u00fcben: Auskunft \u00fcber Ihre bei uns gespeicherten Daten und deren Verarbeitung (Art. 15 DSGVO), Berichtigung unrichtiger personenbezogener Daten (Art. 16 DSGVO), L\u00f6schung Ihrer bei uns [&hellip;]<\/p>\n","protected":false},"author":1,"featured_media":0,"parent":25,"menu_order":41,"comment_status":"closed","ping_status":"closed","template":"","meta":{"footnotes":"","_links_to":"","_links_to_target":""},"class_list":["post-31","page","type-page","status-publish","hentry"],"_links":{"self":[{"href":"https:\/\/energiemusik.de\/index.php\/wp-json\/wp\/v2\/pages\/31","targetHints":{"allow":["GET"]}}],"collection":[{"href":"https:\/\/energiemusik.de\/index.php\/wp-json\/wp\/v2\/pages"}],"about":[{"href":"https:\/\/energiemusik.de\/index.php\/wp-json\/wp\/v2\/types\/page"}],"author":[{"embeddable":true,"href":"https:\/\/energiemusik.de\/index.php\/wp-json\/wp\/v2\/users\/1"}],"replies":[{"embeddable":true,"href":"https:\/\/energiemusik.de\/index.php\/wp-json\/wp\/v2\/comments?post=31"}],"version-history":[{"count":4,"href":"https:\/\/energiemusik.de\/index.php\/wp-json\/wp\/v2\/pages\/31\/revisions"}],"predecessor-version":[{"id":103,"href":"https:\/\/energiemusik.de\/index.php\/wp-json\/wp\/v2\/pages\/31\/revisions\/103"}],"up":[{"embeddable":true,"href":"https:\/\/energiemusik.de\/index.php\/wp-json\/wp\/v2\/pages\/25"}],"wp:attachment":[{"href":"https:\/\/energiemusik.de\/index.php\/wp-json\/wp\/v2\/media?parent=31"}],"curies":[{"name":"wp","href":"https:\/\/api.w.org\/{rel}","templated":true}]}}